{"id":6937,"date":"2024-05-23T15:22:59","date_gmt":"2024-05-23T19:22:59","guid":{"rendered":"https:\/\/cje-ndg.com\/?page_id=6937"},"modified":"2024-05-23T15:29:10","modified_gmt":"2024-05-23T19:29:10","slug":"projet-sphere","status":"publish","type":"page","link":"https:\/\/cje-ndg.com\/en\/activites\/projets\/projet-sphere\/","title":{"rendered":"Sph\u00e8re Project"},"content":{"rendered":"<p style=\"text-align: center;\"><b>Aire Ouverte &#8211; NDG\u00a0<\/b><b><br \/>\n<\/b><\/p>\n<p><img loading=\"lazy\" decoding=\"async\" class=\"wp-image-6694 aligncenter\" src=\"https:\/\/cje-ndg.com\/wp-content\/uploads\/2024\/03\/telechargement.png\" alt=\"\" width=\"120\" height=\"113\" srcset=\"https:\/\/cje-ndg.com\/wp-content\/uploads\/2024\/03\/telechargement.png 204w, https:\/\/cje-ndg.com\/wp-content\/uploads\/2024\/03\/telechargement-13x12.png 13w\" sizes=\"auto, (max-width: 120px) 100vw, 120px\" \/><\/p>\n<p><span style=\"font-weight: 400;\">Aire Ouverte is a place managed in collaboration with local community organizations, where young people aged<strong> aged 12 to 25<\/strong> can benefit from different services relating to the following areas:<\/span><\/p>\n<ul>\n<li style=\"font-weight: 400;\" aria-level=\"1\"><em><span style=\"font-weight: 400;\">Emotions and mental health (e.g. anger, sadness, concerns about the future, anxiety, depression, difficult situations).<\/span><\/em><\/li>\n<li style=\"font-weight: 400;\" aria-level=\"1\"><em><span style=\"font-weight: 400;\">Well-being (e.g.: conflicts, violence, difficult relationships, drugs, alcohol, addictive games, etc.);<\/span><\/em><\/li>\n<li style=\"font-weight: 400;\" aria-level=\"1\"><em><span style=\"font-weight: 400;\">Health (e.g.: sexuality, pregnancy, screening tests);<\/span><\/em><\/li>\n<\/ul>\n<p><span style=\"font-weight: 400;\">Professionals, including a nurse or social worker, are on site and can answer your questions or help you find services that meet your needs.\u00a0<\/span><\/p>\n<p><span style=\"font-weight: 400;\">These services are free, confidential and offered on a flexible schedule, with or without an appointment.\u00a0<\/span><\/p>\n<p><span style=\"font-weight: 400;\">L\u2019\u00e9quipe d\u2019Aire Ouverte sera au Carrefour Jeunesse Emploi (<\/span><span style=\"font-weight: 400;\">CJE NDG)<\/span><span style=\"font-weight: 400;\"> every Thursday from 9am to 5pm this summer.<\/span><span style=\"font-weight: 400;\"><br \/>\n<\/span><span style=\"font-weight: 400;\"><br \/>\n<\/span><strong>How to contact: <\/strong><span style=\"font-weight: 400;\"><br \/>\n<\/span><span style=\"font-weight: 400;\"><br \/>\n<\/span><span style=\"font-weight: 400;\">(514) 734-9950<\/span><br \/>\n<a href=\"mailto:aire.ouverte.ccomtl@ssss.gouv.qc.ca\"><span style=\"font-weight: 400;\">aire.ouverte.ccomtl@ssss.gouv.qc.ca<\/span><\/a> <span style=\"font-weight: 400;\"><br \/>\n<\/span><span style=\"font-weight: 400;\">Page Google : <\/span><a href=\"https:\/\/g.co\/kgs\/6tb7seP\"><span style=\"font-weight: 400;\">https:\/\/g.co\/kgs\/6tb7seP<\/span><\/a> <span style=\"font-weight: 400;\"><br \/>\n<\/span><span style=\"font-weight: 400;\"><br \/>\n<\/span><span style=\"font-weight: 400;\">Designated resource at the CJE: <\/span><span style=\"font-weight: 400;\"><br \/>\n<\/span><span style=\"font-weight: 400;\">Jonathan Platt <\/span><a href=\"mailto:jonathan.platt@cje-ndg.com\"><span style=\"font-weight: 400;\">jonathan.platt@cje-ndg.com<\/span><\/a> <span style=\"font-weight: 400;\"><br \/>\n<\/span><span style=\"font-weight: 400;\">Ou call 514-482-6665 and ask for Jonathan<\/span><\/p>\n<p>&nbsp;<\/p>","protected":false},"excerpt":{"rendered":"<p>Aire Ouverte &#8211; NDG\u00a0 Aire ouverte est un endroit g\u00e9r\u00e9 en collaboration avec des organismes locaux, o\u00f9 les jeunes de 12 \u00e0 25 ans peuvent tirer parti de diff\u00e9rents services [&hellip;]<\/p>\n","protected":false},"author":43,"featured_media":6703,"parent":95,"menu_order":1,"comment_status":"closed","ping_status":"closed","template":"","meta":{"_acf_changed":false,"_uf_show_specific_survey":0,"_uf_disable_surveys":false,"_EventAllDay":false,"_EventTimezone":"","_EventStartDate":"","_EventEndDate":"","_EventStartDateUTC":"","_EventEndDateUTC":"","_EventShowMap":false,"_EventShowMapLink":false,"_EventURL":"","_EventCost":"","_EventCostDescription":"","_EventCurrencySymbol":"","_EventCurrencyCode":"","_EventCurrencyPosition":"","_EventDateTimeSeparator":"","_EventTimeRangeSeparator":"","_EventOrganizerID":[],"_EventVenueID":[],"_OrganizerEmail":"","_OrganizerPhone":"","_OrganizerWebsite":"","_VenueAddress":"","_VenueCity":"","_VenueCountry":"","_VenueProvince":"","_VenueState":"","_VenueZip":"","_VenuePhone":"","_VenueURL":"","_VenueStateProvince":"","_VenueLat":"","_VenueLng":"","_VenueShowMap":false,"_VenueShowMapLink":false,"footnotes":""},"categorie-de-page":[],"class_list":["post-6937","page","type-page","status-publish","has-post-thumbnail","hentry"],"acf":[],"meta_box":[],"_links":{"self":[{"href":"https:\/\/cje-ndg.com\/en\/wp-json\/wp\/v2\/pages\/6937","targetHints":{"allow":["GET"]}}],"collection":[{"href":"https:\/\/cje-ndg.com\/en\/wp-json\/wp\/v2\/pages"}],"about":[{"href":"https:\/\/cje-ndg.com\/en\/wp-json\/wp\/v2\/types\/page"}],"author":[{"embeddable":true,"href":"https:\/\/cje-ndg.com\/en\/wp-json\/wp\/v2\/users\/43"}],"replies":[{"embeddable":true,"href":"https:\/\/cje-ndg.com\/en\/wp-json\/wp\/v2\/comments?post=6937"}],"version-history":[{"count":0,"href":"https:\/\/cje-ndg.com\/en\/wp-json\/wp\/v2\/pages\/6937\/revisions"}],"up":[{"embeddable":true,"href":"https:\/\/cje-ndg.com\/en\/wp-json\/wp\/v2\/pages\/95"}],"wp:featuredmedia":[{"embeddable":true,"href":"https:\/\/cje-ndg.com\/en\/wp-json\/wp\/v2\/media\/6703"}],"wp:attachment":[{"href":"https:\/\/cje-ndg.com\/en\/wp-json\/wp\/v2\/media?parent=6937"}],"wp:term":[{"taxonomy":"categorie-de-page","embeddable":true,"href":"https:\/\/cje-ndg.com\/en\/wp-json\/wp\/v2\/categorie-de-page?post=6937"}],"curies":[{"name":"wp","href":"https:\/\/api.w.org\/{rel}","templated":true}]}}